{"id":135,"date":"2021-01-26T09:10:12","date_gmt":"2021-01-26T08:10:12","guid":{"rendered":"https:\/\/viktoringatlan.com\/?page_id=135"},"modified":"2025-01-10T16:15:57","modified_gmt":"2025-01-10T15:15:57","slug":"kezdolap","status":"publish","type":"page","link":"https:\/\/viktorholding.com\/en\/","title":{"rendered":"Home"},"content":{"rendered":"<div class=\"wpb-content-wrapper\"><p>[vc_row full_width=&#8221;stretch_row_content_no_spaces&#8221; full_height=&#8221;yes&#8221; content_placement=&#8221;middle&#8221; parallax=&#8221;content-moving&#8221; parallax_image=&#8221;20&#8243; parallax_speed_bg=&#8221;1.2&#8243; el_class=&#8221;hero-header&#8221;][vc_column][vc_single_image image=&#8221;142&#8243; img_size=&#8221;full&#8221;][\/vc_column][\/vc_row][vc_row full_width=&#8221;stretch_row&#8221; css=&#8221;.vc_custom_1611648934068{padding-top: 60px !important;padding-bottom: 100px !important;background-color: #425563 !important;}&#8221; el_id=&#8221;services&#8221; el_class=&#8221;szolgaltatasaink&#8221;][vc_column offset=&#8221;vc_col-lg-offset-2 vc_col-lg-8 vc_col-md-offset-2 vc_col-md-8&#8243;]<style type=\"text\/css\" data-type=\"the7_shortcodes-inline-css\">.shortcode-single-image-wrap.shortcode-single-image-6bf62f4d9cf33234cd267b07d13429b3.enable-bg-rollover .rollover i,\n.shortcode-single-image-wrap.shortcode-single-image-6bf62f4d9cf33234cd267b07d13429b3.enable-bg-rollover .rollover-video i {\n  background: -webkit-linear-gradient();\n  background: linear-gradient();\n}\n.shortcode-single-image-wrap.shortcode-single-image-6bf62f4d9cf33234cd267b07d13429b3 .rollover-icon {\n  font-size: 32px;\n  color: #ffffff;\n  min-width: 44px;\n  min-height: 44px;\n  line-height: 44px;\n  border-radius: 100px;\n  border-style: solid;\n  border-width: 0px;\n}\n.dt-icon-bg-on.shortcode-single-image-wrap.shortcode-single-image-6bf62f4d9cf33234cd267b07d13429b3 .rollover-icon {\n  background: rgba(255,255,255,0.3);\n  box-shadow: none;\n}\n<\/style><div class=\"shortcode-single-image-wrap shortcode-single-image-6bf62f4d9cf33234cd267b07d13429b3 alignnone fadeIn animate-element  vc_custom_1609929169073 enable-bg-rollover dt-icon-bg-off\" ><div class=\"shortcode-single-image\"><div class=\"fancy-media-wrap  layzr-bg\" style=\"\"><img decoding=\"async\" class=\"preload-me lazy-load\" src=\"data:image\/svg+xml,%3Csvg%20xmlns%3D&#39;http%3A%2F%2Fwww.w3.org%2F2000%2Fsvg&#39;%20viewBox%3D&#39;0%200%2080%2063&#39;%2F%3E\" data-src=\"https:\/\/viktorholding.com\/wp-content\/uploads\/2021\/01\/icon-prime-real-estate.svg\" data-srcset=\"https:\/\/viktorholding.com\/wp-content\/uploads\/2021\/01\/icon-prime-real-estate.svg 80w\" width=\"80\" height=\"63\"  data-dt-location=\"https:\/\/viktorholding.com\/en\/icon-prime-real-estate\/\" style=\"\" alt=\"\" \/><\/div><\/div><\/div>[vc_column_text el_class=&#8221;title&#8221; css=&#8221;.vc_custom_1611648606369{margin-bottom: 60px !important;}&#8221;]<\/p>\n<p style=\"text-align: center;\">Services<\/p>\n<p>[\/vc_column_text][vc_column_text]<\/p>\n<h3 style=\"text-align: center;\">Real estate management<\/h3>\n<h3 style=\"text-align: center;\">Leasing<\/h3>\n<h3 style=\"text-align: center;\">Consulting<\/h3>\n<h3 style=\"text-align: center;\">Real estate development<\/h3>\n<h3 style=\"text-align: center;\">Investments<\/h3>\n<p>[\/vc_column_text][\/vc_column][\/vc_row][vc_row][vc_column][vc_media_grid style=&#8221;pagination&#8221; items_per_page=&#8221;6&#8243; gap=&#8221;35&#8243; paging_design=&#8221;none&#8221; loop=&#8221;yes&#8221; autoplay=&#8221;5&#8243; item=&#8221;75&#8243; grid_id=&#8221;vc_gid:1736522123121-93f245cf-2709-2&#8243; include=&#8221;46,63,62,61,60,59,58,57,55,56,54,53,52,51,50,49,48,47&#8243; paging_animation_in=&#8221;fadeIn&#8221; paging_animation_out=&#8221;fadeOut&#8221; css=&#8221;.vc_custom_1610011290493{margin-top: 60px !important;}&#8221;][\/vc_column][\/vc_row][vc_row el_id=&#8221;about-us&#8221; css=&#8221;.vc_custom_1611743017554{padding-top: 60px !important;padding-bottom: 60px !important;}&#8221;][vc_column offset=&#8221;vc_col-lg-offset-1 vc_col-lg-10 vc_col-md-offset-1 vc_col-md-10&#8243;]<style type=\"text\/css\" data-type=\"the7_shortcodes-inline-css\">.shortcode-single-image-wrap.shortcode-single-image-7d4f5d820aab5a6db7052456ab59667a.enable-bg-rollover .rollover i,\n.shortcode-single-image-wrap.shortcode-single-image-7d4f5d820aab5a6db7052456ab59667a.enable-bg-rollover .rollover-video i {\n  background: -webkit-linear-gradient();\n  background: linear-gradient();\n}\n.shortcode-single-image-wrap.shortcode-single-image-7d4f5d820aab5a6db7052456ab59667a .rollover-icon {\n  font-size: 32px;\n  color: #ffffff;\n  min-width: 44px;\n  min-height: 44px;\n  line-height: 44px;\n  border-radius: 100px;\n  border-style: solid;\n  border-width: 0px;\n}\n.dt-icon-bg-on.shortcode-single-image-wrap.shortcode-single-image-7d4f5d820aab5a6db7052456ab59667a .rollover-icon {\n  background: rgba(255,255,255,0.3);\n  box-shadow: none;\n}\n<\/style><div class=\"shortcode-single-image-wrap shortcode-single-image-7d4f5d820aab5a6db7052456ab59667a alignnone fadeIn animate-element  vc_custom_1609929250439 enable-bg-rollover dt-icon-bg-off\" ><div class=\"shortcode-single-image\"><div class=\"fancy-media-wrap  layzr-bg\" style=\"\"><img decoding=\"async\" class=\"preload-me lazy-load\" src=\"data:image\/svg+xml,%3Csvg%20xmlns%3D&#39;http%3A%2F%2Fwww.w3.org%2F2000%2Fsvg&#39;%20viewBox%3D&#39;0%200%20400%2046&#39;%2F%3E\" data-src=\"https:\/\/viktorholding.com\/wp-content\/uploads\/2021\/01\/prime-real-estate.svg\" data-srcset=\"https:\/\/viktorholding.com\/wp-content\/uploads\/2021\/01\/prime-real-estate.svg 400w\" width=\"400\" height=\"46\"  data-dt-location=\"https:\/\/viktorholding.com\/en\/prime-real-estate\/\" style=\"\" alt=\"\" \/><\/div><\/div><\/div>[vc_column_text el_class=&#8221;title&#8221;]<\/p>\n<p style=\"text-align: center;\">About Us<\/p>\n<p>[\/vc_column_text][vc_column_text]<\/p>\n<p style=\"text-align: center;\">The main profile of VIKTOR Ingatlan is the management, leasing, acquisition of commercial properties, logistics centres and office buildings, as well as asset management, and investments.<\/p>\n<p style=\"text-align: center;\">Our goal is to offer our Hungarian and International clients unique rental conditions with maximum flexibility in high quality properties with outstanding location.<\/p>\n<p style=\"text-align: center;\">VIKTOR Ingatlan is a successfully operating family owned company since the \u201990s, founded by S\u00e1ndor Ny\u00fal, whose name is connected to property development projects such as P\u00f3lus Centre, Westend City Center, Palace of Arts in Budapest and the Bonarka City Center in Krakow.<\/p>\n<p>[\/vc_column_text][\/vc_column][\/vc_row][vc_row full_width=&#8221;stretch_row&#8221; el_id=&#8221;contact&#8221; css=&#8221;.vc_custom_1611743114049{padding-top: 60px !important;padding-bottom: 60px !important;background-color: #425563 !important;}&#8221;][vc_column offset=&#8221;vc_col-lg-offset-3 vc_col-lg-6 vc_col-md-offset-3 vc_col-md-6&#8243;][vc_column_text el_class=&#8221;title&#8221; css=&#8221;.vc_custom_1611743061899{margin-bottom: 60px !important;}&#8221;]<\/p>\n<p style=\"text-align: center;\">Contact<\/p>\n<p>[\/vc_column_text][vc_column_text el_class=&#8221;text-white&#8221; css=&#8221;.vc_custom_1666790456996{margin-bottom: 80px !important;}&#8221;]<\/p>\n<p style=\"text-align: center;\">Call us on <a class=\"contact-tel\" href=\"tel:+3617973363\">+36 1 797 3363<\/a> or write us below<\/p>\n<p>[\/vc_column_text]\n<div class=\"wpcf7 no-js\" id=\"wpcf7-f181-o1\" lang=\"hu-HU\" dir=\"ltr\" data-wpcf7-id=\"181\">\n<div class=\"screen-reader-response\"><p role=\"status\" aria-live=\"polite\" aria-atomic=\"true\"><\/p> <ul><\/ul><\/div>\n<form action=\"\/en\/wp-json\/wp\/v2\/pages\/135#wpcf7-f181-o1\" method=\"post\" class=\"wpcf7-form init\" aria-label=\"Kapcsolatfelv\u00e9teli \u0171rlap\" novalidate=\"novalidate\" data-status=\"init\">\n<div style=\"display: none;\">\n<input type=\"hidden\" name=\"_wpcf7\" value=\"181\" \/>\n<input type=\"hidden\" name=\"_wpcf7_version\" value=\"6.0.2\" \/>\n<input type=\"hidden\" name=\"_wpcf7_locale\" value=\"hu_HU\" \/>\n<input type=\"hidden\" name=\"_wpcf7_unit_tag\" value=\"wpcf7-f181-o1\" \/>\n<input type=\"hidden\" name=\"_wpcf7_container_post\" value=\"0\" \/>\n<input type=\"hidden\" name=\"_wpcf7_posted_data_hash\" value=\"\" \/>\n<input type=\"hidden\" name=\"_wpcf7_recaptcha_response\" value=\"\" \/>\n<\/div>\n<div class=\"wpb_row vc_row\">\n\t<div class=\"vc_col-sm-12\">\n\t\t<p><label><span class=\"wpcf7-form-control-wrap\" data-name=\"your-name\"><input size=\"40\" maxlength=\"400\" class=\"wpcf7-form-control wpcf7-text wpcf7-validates-as-required\" aria-required=\"true\" aria-invalid=\"false\" placeholder=\"First and Last name...\" value=\"\" type=\"text\" name=\"your-name\" \/><\/span><\/label>\n\t\t<\/p>\n\t<\/div>\n\t<div class=\"vc_col-sm-6\">\n\t\t<p><label><span class=\"wpcf7-form-control-wrap\" data-name=\"your-email\"><input size=\"40\" maxlength=\"400\" class=\"wpcf7-form-control wpcf7-email wpcf7-validates-as-required wpcf7-text wpcf7-validates-as-email\" aria-required=\"true\" aria-invalid=\"false\" placeholder=\"E-mail...\" value=\"\" type=\"email\" name=\"your-email\" \/><\/span><\/label>\n\t\t<\/p>\n\t<\/div>\n\t<div class=\"vc_col-sm-6\">\n\t\t<p><label><span class=\"wpcf7-form-control-wrap\" data-name=\"your-phone\"><input size=\"40\" maxlength=\"400\" class=\"wpcf7-form-control wpcf7-text\" aria-invalid=\"false\" placeholder=\"Phone number...\" value=\"\" type=\"text\" name=\"your-phone\" \/><\/span><\/label>\n\t\t<\/p>\n\t<\/div>\n\t<div class=\"vc_col-sm-12\">\n\t\t<p><label><span class=\"wpcf7-form-control-wrap\" data-name=\"message\"><textarea cols=\"40\" rows=\"10\" maxlength=\"2000\" class=\"wpcf7-form-control wpcf7-textarea\" aria-invalid=\"false\" placeholder=\"I\u2019d like to inquire about...\" name=\"message\"><\/textarea><\/span><\/label>\n\t\t<\/p>\n\t<\/div>\n\t<div class=\"vc_col-sm-12 vc_txt_align_center\">\n\t\t<p><input class=\"wpcf7-form-control wpcf7-submit has-spinner\" type=\"submit\" value=\"Send\" \/>\n\t\t<\/p>\n\t<\/div>\n<\/div><div class=\"wpcf7-response-output\" aria-hidden=\"true\"><\/div>\n<\/form>\n<\/div>\n<style type=\"text\/css\" data-type=\"the7_shortcodes-inline-css\">.shortcode-single-image-wrap.shortcode-single-image-4d27fc49f61e56cd532f8286282fb094.enable-bg-rollover .rollover i,\n.shortcode-single-image-wrap.shortcode-single-image-4d27fc49f61e56cd532f8286282fb094.enable-bg-rollover .rollover-video i {\n  background: -webkit-linear-gradient();\n  background: linear-gradient();\n}\n.shortcode-single-image-wrap.shortcode-single-image-4d27fc49f61e56cd532f8286282fb094 .rollover-icon {\n  font-size: 32px;\n  color: #ffffff;\n  min-width: 44px;\n  min-height: 44px;\n  line-height: 44px;\n  border-radius: 100px;\n  border-style: solid;\n  border-width: 0px;\n}\n.dt-icon-bg-on.shortcode-single-image-wrap.shortcode-single-image-4d27fc49f61e56cd532f8286282fb094 .rollover-icon {\n  background: rgba(255,255,255,0.3);\n  box-shadow: none;\n}\n<\/style><div class=\"shortcode-single-image-wrap shortcode-single-image-4d27fc49f61e56cd532f8286282fb094 alignnone  vc_custom_1610370017697 enable-bg-rollover dt-icon-bg-off\" ><div class=\"shortcode-single-image\"><div class=\"fancy-media-wrap  layzr-bg\" style=\"\"><img decoding=\"async\" class=\"preload-me lazy-load\" src=\"data:image\/svg+xml,%3Csvg%20xmlns%3D&#39;http%3A%2F%2Fwww.w3.org%2F2000%2Fsvg&#39;%20viewBox%3D&#39;0%200%20116%20116&#39;%2F%3E\" data-src=\"https:\/\/viktorholding.com\/wp-content\/uploads\/2021\/01\/icon-visszahivast-kerek.svg\" data-srcset=\"https:\/\/viktorholding.com\/wp-content\/uploads\/2021\/01\/icon-visszahivast-kerek.svg 116w\" width=\"116\" height=\"116\"  data-dt-location=\"https:\/\/viktorholding.com\/en\/icon-visszahivast-kerek\/\" style=\"\" alt=\"\" \/><\/div><\/div><\/div><div id=\"modal-trg-txt-wrap-1784\" class=\"ult-modal-input-wrapper ult-adjust-bottom-margin    \" data-keypress-control=\"keypress-control-enable\" data-overlay-control=\"overlay-control-enable\"><style>\n\t\t\t\t\t.btn-modal.btn-id-69f4ca5b9e7562-39444589:hover {\n\t\t\t\t\t\tbackground-color: #009bdf !important;\n\t\t\t\t\t}\n\t\t\t\t\t<\/style><button  data-ultimate-target='#modal-trg-txt-wrap-1784 .btn-modal'  data-responsive-json-new='{\"font-size\":\"\",\"line-height\":\"\"}'  style=\"background:#425563;border-color:#425563;color:#ffffff; \" data-class-id=\"content-69f4ca5b9e7562-39444589\" class=\"btn-modal ult-responsive btn-primary btn-modal-lg overlay-show visszahivas-button  ult-align-center btn-id-69f4ca5b9e7562-39444589\" data-overlay-class=\"overlay-fade\">I\u2019d like a call back<\/button><\/div>\n<div class=\"ult-overlay content-69f4ca5b9e7562-39444589 visszahivas\" data-class=\"content-69f4ca5b9e7562-39444589\" id=\"button-click-overlay\" style=\"background:rgba(66,85,99,0.9); display:none;\">\n\t<div class=\"ult_modal ult-fade ult-small\">\n\t\t<div id=\"ult-modal-wrap-2122\" class=\"ult_modal-content ult-hide\" style=\"border-style:solid;border-width:2px;border-radius:0px;border-color:#333333;\">\n\t\t\t<div  data-ultimate-target='#ult-modal-wrap-2122 .ult_modal-body'  data-responsive-json-new='{\"font-size\":\"\",\"line-height\":\"\"}'  class=\"ult_modal-body ult-responsive ult-html\" style=\"background:#ffffff;\">\n\t\t\t\n<div class=\"wpcf7 no-js\" id=\"wpcf7-f183-o2\" lang=\"hu-HU\" dir=\"ltr\" data-wpcf7-id=\"183\">\n<div class=\"screen-reader-response\"><p role=\"status\" aria-live=\"polite\" aria-atomic=\"true\"><\/p> <ul><\/ul><\/div>\n<form action=\"\/en\/wp-json\/wp\/v2\/pages\/135#wpcf7-f183-o2\" method=\"post\" class=\"wpcf7-form init\" aria-label=\"Kapcsolatfelv\u00e9teli \u0171rlap\" novalidate=\"novalidate\" data-status=\"init\">\n<div style=\"display: none;\">\n<input type=\"hidden\" name=\"_wpcf7\" value=\"183\" \/>\n<input type=\"hidden\" name=\"_wpcf7_version\" value=\"6.0.2\" \/>\n<input type=\"hidden\" name=\"_wpcf7_locale\" value=\"hu_HU\" \/>\n<input type=\"hidden\" name=\"_wpcf7_unit_tag\" value=\"wpcf7-f183-o2\" \/>\n<input type=\"hidden\" name=\"_wpcf7_container_post\" value=\"0\" \/>\n<input type=\"hidden\" name=\"_wpcf7_posted_data_hash\" value=\"\" \/>\n<input type=\"hidden\" name=\"_wpcf7_recaptcha_response\" value=\"\" \/>\n<\/div>\n<p><img decoding=\"async\" src=\"\/wp-content\/uploads\/2021\/01\/icon-visszahivast-kerek.svg\" width=\"80\" height=\"80\" \/><br \/>\n<span style=\"font-size:25px; line-height:37px; display:block; text-align: center;\">Please enter your phone number:<\/span><br \/>\n<span class=\"wpcf7-form-control-wrap\" data-name=\"your-phone\"><input size=\"40\" maxlength=\"400\" class=\"wpcf7-form-control wpcf7-text wpcf7-validates-as-required\" aria-required=\"true\" aria-invalid=\"false\" placeholder=\"Phone number...\" value=\"\" type=\"text\" name=\"your-phone\" \/><\/span><br \/>\n<input class=\"wpcf7-form-control wpcf7-submit has-spinner\" type=\"submit\" value=\"Send\" \/>\n<\/p><div class=\"wpcf7-response-output\" aria-hidden=\"true\"><\/div>\n<\/form>\n<\/div>\n\n\t\t\t<\/div>\n\t<\/div>\n\t<\/div>\n\t<div class=\"ult-overlay-close top-right\" style=\"width:30px;height:30px; \"><div class=\"ult-overlay-close-inside\">Close<\/div><\/div>\n<\/div>[\/vc_column][\/vc_row]<\/p>\n<\/div>","protected":false},"excerpt":{"rendered":"<p>[vc_row full_width=&#8221;stretch_row_content_no_spaces&#8221; full_height=&#8221;yes&#8221; content_placement=&#8221;middle&#8221; parallax=&#8221;content-moving&#8221; parallax_image=&#8221;20&#8243; parallax_speed_bg=&#8221;1.2&#8243; el_class=&#8221;hero-header&#8221;][vc_column][vc_single_image image=&#8221;142&#8243; img_size=&#8221;full&#8221;][\/vc_column][\/vc_row][vc_row full_width=&#8221;stretch_row&#8221; css=&#8221;.vc_custom_1611648934068{padding-top: 60px !important;padding-bottom: 100px !important;background-color: #425563 !important;}&#8221; el_id=&#8221;services&#8221; el_class=&#8221;szolgaltatasaink&#8221;][vc_column offset=&#8221;vc_col-lg-offset-2 vc_col-lg-8 vc_col-md-offset-2 vc_col-md-8&#8243;][vc_column_text el_class=&#8221;title&#8221; css=&#8221;.vc_custom_1611648606369{margin-bottom: 60px !important;}&#8221;] Services [\/vc_column_text][vc_column_text] Real estate management Leasing Consulting Real estate development Investments [\/vc_column_text][\/vc_column][\/vc_row][vc_row][vc_column][vc_media_grid style=&#8221;pagination&#8221; items_per_page=&#8221;6&#8243; gap=&#8221;35&#8243; paging_design=&#8221;none&#8221; loop=&#8221;yes&#8221; autoplay=&#8221;5&#8243; item=&#8221;75&#8243; grid_id=&#8221;vc_gid:1736522123121-93f245cf-2709-2&#8243; include=&#8221;46,63,62,61,60,59,58,57,55,56,54,53,52,51,50,49,48,47&#8243; paging_animation_in=&#8221;fadeIn&#8221; paging_animation_out=&#8221;fadeOut&#8221; css=&#8221;.vc_custom_1610011290493{margin-top: 60px !important;}&#8221;][\/vc_column][\/vc_row][vc_row el_id=&#8221;about-us&#8221;&hellip;<\/p>\n","protected":false},"author":1,"featured_media":151,"parent":0,"menu_order":0,"comment_status":"closed","ping_status":"closed","template":"","meta":{"inline_featured_image":false},"class_list":["post-135","page","type-page","status-publish","has-post-thumbnail","hentry","description-off"],"yoast_head":"<!-- This site is optimized with the Yoast SEO plugin v24.2 - https:\/\/yoast.com\/wordpress\/plugins\/seo\/ -->\n<title>Home - Viktor Ingatlan - Prime Real Estate<\/title>\n<meta name=\"robots\" content=\"index, follow, max-snippet:-1, max-image-preview:large, max-video-preview:-1\" \/>\n<link rel=\"canonical\" href=\"https:\/\/viktorholding.com\/en\/\" \/>\n<meta property=\"og:locale\" content=\"en_US\" \/>\n<meta property=\"og:type\" content=\"article\" \/>\n<meta property=\"og:title\" content=\"Home - Viktor Ingatlan - Prime Real Estate\" \/>\n<meta property=\"og:description\" content=\"[vc_row full_width=&#8221;stretch_row_content_no_spaces&#8221; full_height=&#8221;yes&#8221; content_placement=&#8221;middle&#8221; parallax=&#8221;content-moving&#8221; parallax_image=&#8221;20&#8243; parallax_speed_bg=&#8221;1.2&#8243; el_class=&#8221;hero-header&#8221;][vc_column][vc_single_image image=&#8221;142&#8243; img_size=&#8221;full&#8221;][\/vc_column][\/vc_row][vc_row full_width=&#8221;stretch_row&#8221; css=&#8221;.vc_custom_1611648934068{padding-top: 60px !important;padding-bottom: 100px !important;background-color: #425563 !important;}&#8221; el_id=&#8221;services&#8221; el_class=&#8221;szolgaltatasaink&#8221;][vc_column offset=&#8221;vc_col-lg-offset-2 vc_col-lg-8 vc_col-md-offset-2 vc_col-md-8&#8243;][vc_column_text el_class=&#8221;title&#8221; css=&#8221;.vc_custom_1611648606369{margin-bottom: 60px !important;}&#8221;] Services [\/vc_column_text][vc_column_text] Real estate management Leasing Consulting Real estate development Investments [\/vc_column_text][\/vc_column][\/vc_row][vc_row][vc_column][vc_media_grid style=&#8221;pagination&#8221; items_per_page=&#8221;6&#8243; gap=&#8221;35&#8243; paging_design=&#8221;none&#8221; loop=&#8221;yes&#8221; autoplay=&#8221;5&#8243; item=&#8221;75&#8243; grid_id=&#8221;vc_gid:1736522123121-93f245cf-2709-2&#8243; include=&#8221;46,63,62,61,60,59,58,57,55,56,54,53,52,51,50,49,48,47&#8243; paging_animation_in=&#8221;fadeIn&#8221; paging_animation_out=&#8221;fadeOut&#8221; css=&#8221;.vc_custom_1610011290493{margin-top: 60px !important;}&#8221;][\/vc_column][\/vc_row][vc_row el_id=&#8221;about-us&#8221;&hellip;\" \/>\n<meta property=\"og:url\" content=\"https:\/\/viktorholding.com\/en\/\" \/>\n<meta property=\"og:site_name\" content=\"Viktor Ingatlan - Prime Real Estate\" \/>\n<meta property=\"article:modified_time\" content=\"2025-01-10T15:15:57+00:00\" \/>\n<meta property=\"og:image\" content=\"https:\/\/viktorholding.com\/wp-content\/uploads\/2021\/01\/viktor-ingatlan-00015.jpg\" \/>\n\t<meta property=\"og:image:width\" content=\"1600\" \/>\n\t<meta property=\"og:image:height\" content=\"1067\" \/>\n\t<meta property=\"og:image:type\" content=\"image\/jpeg\" \/>\n<meta name=\"twitter:card\" content=\"summary_large_image\" \/>\n<meta name=\"twitter:label1\" content=\"Est. reading time\" \/>\n\t<meta name=\"twitter:data1\" content=\"2 minutes\" \/>\n<script type=\"application\/ld+json\" class=\"yoast-schema-graph\">{\"@context\":\"https:\/\/schema.org\",\"@graph\":[{\"@type\":\"WebPage\",\"@id\":\"https:\/\/viktorholding.com\/en\/\",\"url\":\"https:\/\/viktorholding.com\/en\/\",\"name\":\"Home - Viktor Ingatlan - Prime Real Estate\",\"isPartOf\":{\"@id\":\"https:\/\/viktorholding.com\/#website\"},\"primaryImageOfPage\":{\"@id\":\"https:\/\/viktorholding.com\/en\/#primaryimage\"},\"image\":{\"@id\":\"https:\/\/viktorholding.com\/en\/#primaryimage\"},\"thumbnailUrl\":\"https:\/\/viktorholding.com\/wp-content\/uploads\/2021\/01\/viktor-ingatlan-00015.jpg\",\"datePublished\":\"2021-01-26T08:10:12+00:00\",\"dateModified\":\"2025-01-10T15:15:57+00:00\",\"breadcrumb\":{\"@id\":\"https:\/\/viktorholding.com\/en\/#breadcrumb\"},\"inLanguage\":\"en-US\",\"potentialAction\":[{\"@type\":\"ReadAction\",\"target\":[\"https:\/\/viktorholding.com\/en\/\"]}]},{\"@type\":\"ImageObject\",\"inLanguage\":\"en-US\",\"@id\":\"https:\/\/viktorholding.com\/en\/#primaryimage\",\"url\":\"https:\/\/viktorholding.com\/wp-content\/uploads\/2021\/01\/viktor-ingatlan-00015.jpg\",\"contentUrl\":\"https:\/\/viktorholding.com\/wp-content\/uploads\/2021\/01\/viktor-ingatlan-00015.jpg\",\"width\":1600,\"height\":1067},{\"@type\":\"BreadcrumbList\",\"@id\":\"https:\/\/viktorholding.com\/en\/#breadcrumb\",\"itemListElement\":[{\"@type\":\"ListItem\",\"position\":1,\"name\":\"Kezd\u0151lap\",\"item\":\"https:\/\/viktorholding.com\/en\/\"},{\"@type\":\"ListItem\",\"position\":2,\"name\":\"Home\"}]},{\"@type\":\"WebSite\",\"@id\":\"https:\/\/viktorholding.com\/#website\",\"url\":\"https:\/\/viktorholding.com\/\",\"name\":\"Viktor Ingatlan - Prime Real Estate\",\"description\":\"\",\"potentialAction\":[{\"@type\":\"SearchAction\",\"target\":{\"@type\":\"EntryPoint\",\"urlTemplate\":\"https:\/\/viktorholding.com\/?s={search_term_string}\"},\"query-input\":{\"@type\":\"PropertyValueSpecification\",\"valueRequired\":true,\"valueName\":\"search_term_string\"}}],\"inLanguage\":\"en-US\"}]}<\/script>\n<!-- \/ Yoast SEO plugin. -->","yoast_head_json":{"title":"Home - Viktor Ingatlan - Prime Real Estate","robots":{"index":"index","follow":"follow","max-snippet":"max-snippet:-1","max-image-preview":"max-image-preview:large","max-video-preview":"max-video-preview:-1"},"canonical":"https:\/\/viktorholding.com\/en\/","og_locale":"en_US","og_type":"article","og_title":"Home - Viktor Ingatlan - Prime Real Estate","og_description":"[vc_row full_width=&#8221;stretch_row_content_no_spaces&#8221; full_height=&#8221;yes&#8221; content_placement=&#8221;middle&#8221; parallax=&#8221;content-moving&#8221; parallax_image=&#8221;20&#8243; parallax_speed_bg=&#8221;1.2&#8243; el_class=&#8221;hero-header&#8221;][vc_column][vc_single_image image=&#8221;142&#8243; img_size=&#8221;full&#8221;][\/vc_column][\/vc_row][vc_row full_width=&#8221;stretch_row&#8221; css=&#8221;.vc_custom_1611648934068{padding-top: 60px !important;padding-bottom: 100px !important;background-color: #425563 !important;}&#8221; el_id=&#8221;services&#8221; el_class=&#8221;szolgaltatasaink&#8221;][vc_column offset=&#8221;vc_col-lg-offset-2 vc_col-lg-8 vc_col-md-offset-2 vc_col-md-8&#8243;][vc_column_text el_class=&#8221;title&#8221; css=&#8221;.vc_custom_1611648606369{margin-bottom: 60px !important;}&#8221;] Services [\/vc_column_text][vc_column_text] Real estate management Leasing Consulting Real estate development Investments [\/vc_column_text][\/vc_column][\/vc_row][vc_row][vc_column][vc_media_grid style=&#8221;pagination&#8221; items_per_page=&#8221;6&#8243; gap=&#8221;35&#8243; paging_design=&#8221;none&#8221; loop=&#8221;yes&#8221; autoplay=&#8221;5&#8243; item=&#8221;75&#8243; grid_id=&#8221;vc_gid:1736522123121-93f245cf-2709-2&#8243; include=&#8221;46,63,62,61,60,59,58,57,55,56,54,53,52,51,50,49,48,47&#8243; paging_animation_in=&#8221;fadeIn&#8221; paging_animation_out=&#8221;fadeOut&#8221; css=&#8221;.vc_custom_1610011290493{margin-top: 60px !important;}&#8221;][\/vc_column][\/vc_row][vc_row el_id=&#8221;about-us&#8221;&hellip;","og_url":"https:\/\/viktorholding.com\/en\/","og_site_name":"Viktor Ingatlan - Prime Real Estate","article_modified_time":"2025-01-10T15:15:57+00:00","og_image":[{"width":1600,"height":1067,"url":"https:\/\/viktorholding.com\/wp-content\/uploads\/2021\/01\/viktor-ingatlan-00015.jpg","type":"image\/jpeg"}],"twitter_card":"summary_large_image","twitter_misc":{"Est. reading time":"2 minutes"},"schema":{"@context":"https:\/\/schema.org","@graph":[{"@type":"WebPage","@id":"https:\/\/viktorholding.com\/en\/","url":"https:\/\/viktorholding.com\/en\/","name":"Home - Viktor Ingatlan - Prime Real Estate","isPartOf":{"@id":"https:\/\/viktorholding.com\/#website"},"primaryImageOfPage":{"@id":"https:\/\/viktorholding.com\/en\/#primaryimage"},"image":{"@id":"https:\/\/viktorholding.com\/en\/#primaryimage"},"thumbnailUrl":"https:\/\/viktorholding.com\/wp-content\/uploads\/2021\/01\/viktor-ingatlan-00015.jpg","datePublished":"2021-01-26T08:10:12+00:00","dateModified":"2025-01-10T15:15:57+00:00","breadcrumb":{"@id":"https:\/\/viktorholding.com\/en\/#breadcrumb"},"inLanguage":"en-US","potentialAction":[{"@type":"ReadAction","target":["https:\/\/viktorholding.com\/en\/"]}]},{"@type":"ImageObject","inLanguage":"en-US","@id":"https:\/\/viktorholding.com\/en\/#primaryimage","url":"https:\/\/viktorholding.com\/wp-content\/uploads\/2021\/01\/viktor-ingatlan-00015.jpg","contentUrl":"https:\/\/viktorholding.com\/wp-content\/uploads\/2021\/01\/viktor-ingatlan-00015.jpg","width":1600,"height":1067},{"@type":"BreadcrumbList","@id":"https:\/\/viktorholding.com\/en\/#breadcrumb","itemListElement":[{"@type":"ListItem","position":1,"name":"Kezd\u0151lap","item":"https:\/\/viktorholding.com\/en\/"},{"@type":"ListItem","position":2,"name":"Home"}]},{"@type":"WebSite","@id":"https:\/\/viktorholding.com\/#website","url":"https:\/\/viktorholding.com\/","name":"Viktor Ingatlan - Prime Real Estate","description":"","potentialAction":[{"@type":"SearchAction","target":{"@type":"EntryPoint","urlTemplate":"https:\/\/viktorholding.com\/?s={search_term_string}"},"query-input":{"@type":"PropertyValueSpecification","valueRequired":true,"valueName":"search_term_string"}}],"inLanguage":"en-US"}]}},"_links":{"self":[{"href":"https:\/\/viktorholding.com\/en\/wp-json\/wp\/v2\/pages\/135","targetHints":{"allow":["GET"]}}],"collection":[{"href":"https:\/\/viktorholding.com\/en\/wp-json\/wp\/v2\/pages"}],"about":[{"href":"https:\/\/viktorholding.com\/en\/wp-json\/wp\/v2\/types\/page"}],"author":[{"embeddable":true,"href":"https:\/\/viktorholding.com\/en\/wp-json\/wp\/v2\/users\/1"}],"replies":[{"embeddable":true,"href":"https:\/\/viktorholding.com\/en\/wp-json\/wp\/v2\/comments?post=135"}],"version-history":[{"count":14,"href":"https:\/\/viktorholding.com\/en\/wp-json\/wp\/v2\/pages\/135\/revisions"}],"predecessor-version":[{"id":9638,"href":"https:\/\/viktorholding.com\/en\/wp-json\/wp\/v2\/pages\/135\/revisions\/9638"}],"wp:featuredmedia":[{"embeddable":true,"href":"https:\/\/viktorholding.com\/en\/wp-json\/wp\/v2\/media\/151"}],"wp:attachment":[{"href":"https:\/\/viktorholding.com\/en\/wp-json\/wp\/v2\/media?parent=135"}],"curies":[{"name":"wp","href":"https:\/\/api.w.org\/{rel}","templated":true}]}}